{"id":1678,"date":"2023-12-31T00:02:25","date_gmt":"2023-12-31T00:02:25","guid":{"rendered":"https:\/\/www.friseur-willecke.de\/WP\/?page_id=1678"},"modified":"2023-12-31T00:21:17","modified_gmt":"2023-12-31T00:21:17","slug":"privatsphaere-einstellungen","status":"publish","type":"page","link":"https:\/\/www.friseur-willecke.de\/WP\/privatsphaere-einstellungen\/","title":{"rendered":"Privatsph\u00e4re-Einstellungen"},"content":{"rendered":"\t\t<div data-elementor-type=\"wp-page\" data-elementor-id=\"1678\" class=\"elementor elementor-1678\">\n\t\t\t\t<div class=\"elementor-element elementor-element-a7494f6 e-flex e-con-boxed e-con e-parent\" data-id=\"a7494f6\" data-element_type=\"container\">\n\t\t\t\t\t<div class=\"e-con-inner\">\n\t\t\t\t<div class=\"elementor-element elementor-element-1e1660c elementor-widget-divider--view-line elementor-widget elementor-widget-divider\" data-id=\"1e1660c\" data-element_type=\"widget\" data-widget_type=\"divider.default\">\n\t\t\t\t<div class=\"elementor-widget-container\">\n\t\t\t\t\t\t\t<div class=\"elementor-divider\">\n\t\t\t<span class=\"elementor-divider-separator\">\n\t\t\t\t\t\t<\/span>\n\t\t<\/div>\n\t\t\t\t\t\t<\/div>\n\t\t\t\t<\/div>\n\t\t\t\t\t<\/div>\n\t\t\t\t<\/div>\n\t\t<div class=\"elementor-element elementor-element-33628f2 e-flex e-con-boxed e-con e-parent\" data-id=\"33628f2\" data-element_type=\"container\">\n\t\t\t\t\t<div class=\"e-con-inner\">\n\t\t\t\t<div class=\"elementor-element elementor-element-6cfc75c elementor-widget elementor-widget-heading\" data-id=\"6cfc75c\" data-element_type=\"widget\" data-widget_type=\"heading.default\">\n\t\t\t\t<div class=\"elementor-widget-container\">\n\t\t\t\t\t<h2 class=\"elementor-heading-title elementor-size-default\">Privatsph\u00e4re-Einstellungen<\/h2>\t\t\t\t<\/div>\n\t\t\t\t<\/div>\n\t\t\t\t\t<\/div>\n\t\t\t\t<\/div>\n\t\t<div class=\"elementor-element elementor-element-ac4d8d4 e-flex e-con-boxed e-con e-parent\" data-id=\"ac4d8d4\" data-element_type=\"container\">\n\t\t\t\t\t<div class=\"e-con-inner\">\n\t\t\t\t<div class=\"elementor-element elementor-element-c43e961 elementor-widget elementor-widget-text-editor\" data-id=\"c43e961\" data-element_type=\"widget\" data-widget_type=\"text-editor.default\">\n\t\t\t\t<div class=\"elementor-widget-container\">\n\t\t\t\t\t\t\t\t\t<p>Hier kannst du deine im Einwilligungsdialog vorgenommenen Einstellungen einsehen, deine Einwilligung \u00e4ndern oder sie widerrufen:<\/p>\t\t\t\t\t\t\t\t<\/div>\n\t\t\t\t<\/div>\n\t\t\t\t\t<\/div>\n\t\t\t\t<\/div>\n\t\t<div class=\"elementor-element elementor-element-48fea52 e-flex e-con-boxed e-con e-parent\" data-id=\"48fea52\" data-element_type=\"container\">\n\t\t\t\t\t<div class=\"e-con-inner\">\n\t\t\t\t<div class=\"elementor-element elementor-element-df54f9e elementor-widget elementor-widget-shortcode\" data-id=\"df54f9e\" data-element_type=\"widget\" data-widget_type=\"shortcode.default\">\n\t\t\t\t<div class=\"elementor-widget-container\">\n\t\t\t\t\t\t\t<div class=\"elementor-shortcode\"><a  href=\"#consent-change\" role=\"button\" id=\"rcb-sc-link-change\" data-success-message=\"\" class=\"rcb-sc-link rcb-sc-link-change \">Privatsph\u00e4re-Einstellungen \u00e4ndern<\/a><\/div>\n\t\t\t\t\t\t<\/div>\n\t\t\t\t<\/div>\n\t\t\t\t\t<\/div>\n\t\t\t\t<\/div>\n\t\t<div class=\"elementor-element elementor-element-cba293a e-flex e-con-boxed e-con e-parent\" data-id=\"cba293a\" data-element_type=\"container\">\n\t\t\t\t\t<div class=\"e-con-inner\">\n\t\t\t\t<div class=\"elementor-element elementor-element-7279b4f elementor-widget elementor-widget-shortcode\" data-id=\"7279b4f\" data-element_type=\"widget\" data-widget_type=\"shortcode.default\">\n\t\t\t\t<div class=\"elementor-widget-container\">\n\t\t\t\t\t\t\t<div class=\"elementor-shortcode\"><a  href=\"#consent-history\" role=\"button\" id=\"rcb-sc-link-history\" data-success-message=\"\" class=\"rcb-sc-link rcb-sc-link-history \">Historie der Privatsph\u00e4re-Einstellungen<\/a><\/div>\n\t\t\t\t\t\t<\/div>\n\t\t\t\t<\/div>\n\t\t\t\t\t<\/div>\n\t\t\t\t<\/div>\n\t\t<div class=\"elementor-element elementor-element-c818c48 e-flex e-con-boxed e-con e-parent\" data-id=\"c818c48\" data-element_type=\"container\">\n\t\t\t\t\t<div class=\"e-con-inner\">\n\t\t\t\t<div class=\"elementor-element elementor-element-14c0c44 elementor-widget elementor-widget-shortcode\" data-id=\"14c0c44\" data-element_type=\"widget\" data-widget_type=\"shortcode.default\">\n\t\t\t\t<div class=\"elementor-widget-container\">\n\t\t\t\t\t\t\t<div class=\"elementor-shortcode\"><a  href=\"#consent-revoke\" role=\"button\" id=\"rcb-sc-link-revoke\" data-success-message=\"Du hast die Einwilligung f\u00fcr Services mit dessen Cookies und Verarbeitung personenbezogener Daten erfolgreich widerrufen. Die Seite wird jetzt neu geladen!\" class=\"rcb-sc-link rcb-sc-link-revoke \">Einwilligungen widerrufen<\/a><\/div>\n\t\t\t\t\t\t<\/div>\n\t\t\t\t<\/div>\n\t\t\t\t\t<\/div>\n\t\t\t\t<\/div>\n\t\t<div class=\"elementor-element elementor-element-31d639d e-flex e-con-boxed e-con e-parent\" data-id=\"31d639d\" data-element_type=\"container\">\n\t\t\t\t\t<div class=\"e-con-inner\">\n\t\t\t\t<div class=\"elementor-element elementor-element-bb041b7 elementor-widget elementor-widget-spacer\" data-id=\"bb041b7\" data-element_type=\"widget\" data-widget_type=\"spacer.default\">\n\t\t\t\t<div class=\"elementor-widget-container\">\n\t\t\t\t\t\t\t<div class=\"elementor-spacer\">\n\t\t\t<div class=\"elementor-spacer-inner\"><\/div>\n\t\t<\/div>\n\t\t\t\t\t\t<\/div>\n\t\t\t\t<\/div>\n\t\t\t\t\t<\/div>\n\t\t\t\t<\/div>\n\t\t<div class=\"elementor-element elementor-element-41e7aed e-flex e-con-boxed e-con e-parent\" data-id=\"41e7aed\" data-element_type=\"container\">\n\t\t\t\t\t<div class=\"e-con-inner\">\n\t\t\t\t<div class=\"elementor-element elementor-element-f836245 elementor-widget-divider--view-line elementor-widget elementor-widget-divider\" data-id=\"f836245\" data-element_type=\"widget\" data-widget_type=\"divider.default\">\n\t\t\t\t<div class=\"elementor-widget-container\">\n\t\t\t\t\t\t\t<div class=\"elementor-divider\">\n\t\t\t<span class=\"elementor-divider-separator\">\n\t\t\t\t\t\t<\/span>\n\t\t<\/div>\n\t\t\t\t\t\t<\/div>\n\t\t\t\t<\/div>\n\t\t\t\t\t<\/div>\n\t\t\t\t<\/div>\n\t\t\t\t<\/div>\n\t\t","protected":false},"excerpt":{"rendered":"<p>Privatsph\u00e4re-Einstellungen Hier kannst du deine im Einwilligungsdialog vorgenommenen Einstellungen einsehen, deine Einwilligung \u00e4ndern oder sie widerrufen:<\/p>\n","protected":false},"author":1,"featured_media":0,"parent":0,"menu_order":0,"comment_status":"closed","ping_status":"closed","template":"","meta":{"_uag_custom_page_level_css":"","site-sidebar-layout":"no-sidebar","site-content-layout":"page-builder","ast-site-content-layout":"full-width-container","site-content-style":"default","site-sidebar-style":"default","ast-global-header-display":"","ast-banner-title-visibility":"","ast-main-header-display":"","ast-hfb-above-header-display":"","ast-hfb-below-header-display":"","ast-hfb-mobile-header-display":"","site-post-title":"disabled","ast-breadcrumbs-content":"","ast-featured-img":"disabled","footer-sml-layout":"","ast-disable-related-posts":"","theme-transparent-header-meta":"","adv-header-id-meta":"","stick-header-meta":"","header-above-stick-meta":"","header-main-stick-meta":"","header-below-stick-meta":"","astra-migrate-meta-layouts":"set","ast-page-background-enabled":"default","ast-page-background-meta":{"desktop":{"background-color":"","background-image":"","background-repeat":"repeat","background-position":"center center","background-size":"auto","background-attachment":"scroll","background-type":"","background-media":"","overlay-type":"","overlay-color":"","overlay-opacity":"","overlay-gradient":""},"tablet":{"background-color":"","background-image":"","background-repeat":"repeat","background-position":"center center","background-size":"auto","background-attachment":"scroll","background-type":"","background-media":"","overlay-type":"","overlay-color":"","overlay-opacity":"","overlay-gradient":""},"mobile":{"background-color":"","background-image":"","background-repeat":"repeat","background-position":"center center","background-size":"auto","background-attachment":"scroll","background-type":"","background-media":"","overlay-type":"","overlay-color":"","overlay-opacity":"","overlay-gradient":""}},"ast-content-background-meta":{"desktop":{"background-color":"var(--ast-global-color-5)","background-image":"","background-repeat":"repeat","background-position":"center center","background-size":"auto","background-attachment":"scroll","background-type":"","background-media":"","overlay-type":"","overlay-color":"","overlay-opacity":"","overlay-gradient":""},"tablet":{"background-color":"var(--ast-global-color-5)","background-image":"","background-repeat":"repeat","background-position":"center center","background-size":"auto","background-attachment":"scroll","background-type":"","background-media":"","overlay-type":"","overlay-color":"","overlay-opacity":"","overlay-gradient":""},"mobile":{"background-color":"var(--ast-global-color-5)","background-image":"","background-repeat":"repeat","background-position":"center center","background-size":"auto","background-attachment":"scroll","background-type":"","background-media":"","overlay-type":"","overlay-color":"","overlay-opacity":"","overlay-gradient":""}},"footnotes":""},"class_list":["post-1678","page","type-page","status-publish","hentry"],"yoast_head":"<!-- This site is optimized with the Yoast SEO plugin v26.6 - https:\/\/yoast.com\/wordpress\/plugins\/seo\/ -->\n<title>Privatsph\u00e4re-Einstellungen - Friseur Willecke<\/title>\n<meta name=\"robots\" content=\"index, follow, max-snippet:-1, max-image-preview:large, max-video-preview:-1\" \/>\n<link rel=\"canonical\" href=\"https:\/\/www.friseur-willecke.de\/WP\/privatsphaere-einstellungen\/\" \/>\n<meta property=\"og:locale\" content=\"de_DE\" \/>\n<meta property=\"og:type\" content=\"article\" \/>\n<meta property=\"og:title\" content=\"Privatsph\u00e4re-Einstellungen - Friseur Willecke\" \/>\n<meta property=\"og:description\" content=\"Privatsph\u00e4re-Einstellungen Hier kannst du deine im Einwilligungsdialog vorgenommenen Einstellungen einsehen, deine Einwilligung \u00e4ndern oder sie widerrufen:\" \/>\n<meta property=\"og:url\" content=\"https:\/\/www.friseur-willecke.de\/WP\/privatsphaere-einstellungen\/\" \/>\n<meta property=\"og:site_name\" content=\"Friseur Willecke\" \/>\n<meta property=\"article:modified_time\" content=\"2023-12-31T00:21:17+00:00\" \/>\n<meta name=\"twitter:card\" content=\"summary_large_image\" \/>\n<script type=\"application\/ld+json\" class=\"yoast-schema-graph\">{\"@context\":\"https:\/\/schema.org\",\"@graph\":[{\"@type\":\"WebPage\",\"@id\":\"https:\/\/www.friseur-willecke.de\/WP\/privatsphaere-einstellungen\/\",\"url\":\"https:\/\/www.friseur-willecke.de\/WP\/privatsphaere-einstellungen\/\",\"name\":\"Privatsph\u00e4re-Einstellungen - Friseur Willecke\",\"isPartOf\":{\"@id\":\"https:\/\/www.friseur-willecke.de\/WP\/#website\"},\"datePublished\":\"2023-12-31T00:02:25+00:00\",\"dateModified\":\"2023-12-31T00:21:17+00:00\",\"breadcrumb\":{\"@id\":\"https:\/\/www.friseur-willecke.de\/WP\/privatsphaere-einstellungen\/#breadcrumb\"},\"inLanguage\":\"de\",\"potentialAction\":[{\"@type\":\"ReadAction\",\"target\":[\"https:\/\/www.friseur-willecke.de\/WP\/privatsphaere-einstellungen\/\"]}]},{\"@type\":\"BreadcrumbList\",\"@id\":\"https:\/\/www.friseur-willecke.de\/WP\/privatsphaere-einstellungen\/#breadcrumb\",\"itemListElement\":[{\"@type\":\"ListItem\",\"position\":1,\"name\":\"Startseite\",\"item\":\"https:\/\/www.friseur-willecke.de\/WP\/\"},{\"@type\":\"ListItem\",\"position\":2,\"name\":\"Privatsph\u00e4re-Einstellungen\"}]},{\"@type\":\"WebSite\",\"@id\":\"https:\/\/www.friseur-willecke.de\/WP\/#website\",\"url\":\"https:\/\/www.friseur-willecke.de\/WP\/\",\"name\":\"Friseur Willecke\",\"description\":\"\",\"publisher\":{\"@id\":\"https:\/\/www.friseur-willecke.de\/WP\/#organization\"},\"potentialAction\":[{\"@type\":\"SearchAction\",\"target\":{\"@type\":\"EntryPoint\",\"urlTemplate\":\"https:\/\/www.friseur-willecke.de\/WP\/?s={search_term_string}\"},\"query-input\":{\"@type\":\"PropertyValueSpecification\",\"valueRequired\":true,\"valueName\":\"search_term_string\"}}],\"inLanguage\":\"de\"},{\"@type\":\"Organization\",\"@id\":\"https:\/\/www.friseur-willecke.de\/WP\/#organization\",\"name\":\"Friseur Willecke\",\"url\":\"https:\/\/www.friseur-willecke.de\/WP\/\",\"logo\":{\"@type\":\"ImageObject\",\"inLanguage\":\"de\",\"@id\":\"https:\/\/www.friseur-willecke.de\/WP\/#\/schema\/logo\/image\/\",\"url\":\"https:\/\/www.friseur-willecke.de\/WP\/wp-content\/uploads\/2023\/12\/cropped-Logoschwarz.png\",\"contentUrl\":\"https:\/\/www.friseur-willecke.de\/WP\/wp-content\/uploads\/2023\/12\/cropped-Logoschwarz.png\",\"width\":1034,\"height\":1220,\"caption\":\"Friseur Willecke\"},\"image\":{\"@id\":\"https:\/\/www.friseur-willecke.de\/WP\/#\/schema\/logo\/image\/\"}}]}<\/script>\n<!-- \/ Yoast SEO plugin. -->","yoast_head_json":{"title":"Privatsph\u00e4re-Einstellungen - Friseur Willecke","robots":{"index":"index","follow":"follow","max-snippet":"max-snippet:-1","max-image-preview":"max-image-preview:large","max-video-preview":"max-video-preview:-1"},"canonical":"https:\/\/www.friseur-willecke.de\/WP\/privatsphaere-einstellungen\/","og_locale":"de_DE","og_type":"article","og_title":"Privatsph\u00e4re-Einstellungen - Friseur Willecke","og_description":"Privatsph\u00e4re-Einstellungen Hier kannst du deine im Einwilligungsdialog vorgenommenen Einstellungen einsehen, deine Einwilligung \u00e4ndern oder sie widerrufen:","og_url":"https:\/\/www.friseur-willecke.de\/WP\/privatsphaere-einstellungen\/","og_site_name":"Friseur Willecke","article_modified_time":"2023-12-31T00:21:17+00:00","twitter_card":"summary_large_image","schema":{"@context":"https:\/\/schema.org","@graph":[{"@type":"WebPage","@id":"https:\/\/www.friseur-willecke.de\/WP\/privatsphaere-einstellungen\/","url":"https:\/\/www.friseur-willecke.de\/WP\/privatsphaere-einstellungen\/","name":"Privatsph\u00e4re-Einstellungen - Friseur Willecke","isPartOf":{"@id":"https:\/\/www.friseur-willecke.de\/WP\/#website"},"datePublished":"2023-12-31T00:02:25+00:00","dateModified":"2023-12-31T00:21:17+00:00","breadcrumb":{"@id":"https:\/\/www.friseur-willecke.de\/WP\/privatsphaere-einstellungen\/#breadcrumb"},"inLanguage":"de","potentialAction":[{"@type":"ReadAction","target":["https:\/\/www.friseur-willecke.de\/WP\/privatsphaere-einstellungen\/"]}]},{"@type":"BreadcrumbList","@id":"https:\/\/www.friseur-willecke.de\/WP\/privatsphaere-einstellungen\/#breadcrumb","itemListElement":[{"@type":"ListItem","position":1,"name":"Startseite","item":"https:\/\/www.friseur-willecke.de\/WP\/"},{"@type":"ListItem","position":2,"name":"Privatsph\u00e4re-Einstellungen"}]},{"@type":"WebSite","@id":"https:\/\/www.friseur-willecke.de\/WP\/#website","url":"https:\/\/www.friseur-willecke.de\/WP\/","name":"Friseur Willecke","description":"","publisher":{"@id":"https:\/\/www.friseur-willecke.de\/WP\/#organization"},"potentialAction":[{"@type":"SearchAction","target":{"@type":"EntryPoint","urlTemplate":"https:\/\/www.friseur-willecke.de\/WP\/?s={search_term_string}"},"query-input":{"@type":"PropertyValueSpecification","valueRequired":true,"valueName":"search_term_string"}}],"inLanguage":"de"},{"@type":"Organization","@id":"https:\/\/www.friseur-willecke.de\/WP\/#organization","name":"Friseur Willecke","url":"https:\/\/www.friseur-willecke.de\/WP\/","logo":{"@type":"ImageObject","inLanguage":"de","@id":"https:\/\/www.friseur-willecke.de\/WP\/#\/schema\/logo\/image\/","url":"https:\/\/www.friseur-willecke.de\/WP\/wp-content\/uploads\/2023\/12\/cropped-Logoschwarz.png","contentUrl":"https:\/\/www.friseur-willecke.de\/WP\/wp-content\/uploads\/2023\/12\/cropped-Logoschwarz.png","width":1034,"height":1220,"caption":"Friseur Willecke"},"image":{"@id":"https:\/\/www.friseur-willecke.de\/WP\/#\/schema\/logo\/image\/"}}]}},"uagb_featured_image_src":{"full":false,"thumbnail":false,"medium":false,"medium_large":false,"large":false,"1536x1536":false,"2048x2048":false},"uagb_author_info":{"display_name":"admin","author_link":"https:\/\/www.friseur-willecke.de\/WP\/author\/benediktwillecke_1leueus4\/"},"uagb_comment_info":0,"uagb_excerpt":"Privatsph\u00e4re-Einstellungen Hier kannst du deine im Einwilligungsdialog vorgenommenen Einstellungen einsehen, deine Einwilligung \u00e4ndern oder sie widerrufen:","_links":{"self":[{"href":"https:\/\/www.friseur-willecke.de\/WP\/wp-json\/wp\/v2\/pages\/1678","targetHints":{"allow":["GET"]}}],"collection":[{"href":"https:\/\/www.friseur-willecke.de\/WP\/wp-json\/wp\/v2\/pages"}],"about":[{"href":"https:\/\/www.friseur-willecke.de\/WP\/wp-json\/wp\/v2\/types\/page"}],"author":[{"embeddable":true,"href":"https:\/\/www.friseur-willecke.de\/WP\/wp-json\/wp\/v2\/users\/1"}],"replies":[{"embeddable":true,"href":"https:\/\/www.friseur-willecke.de\/WP\/wp-json\/wp\/v2\/comments?post=1678"}],"version-history":[{"count":10,"href":"https:\/\/www.friseur-willecke.de\/WP\/wp-json\/wp\/v2\/pages\/1678\/revisions"}],"predecessor-version":[{"id":1690,"href":"https:\/\/www.friseur-willecke.de\/WP\/wp-json\/wp\/v2\/pages\/1678\/revisions\/1690"}],"wp:attachment":[{"href":"https:\/\/www.friseur-willecke.de\/WP\/wp-json\/wp\/v2\/media?parent=1678"}],"curies":[{"name":"wp","href":"https:\/\/api.w.org\/{rel}","templated":true}]}}